{"id":499,"date":"2021-05-28T12:36:19","date_gmt":"2021-05-28T16:36:19","guid":{"rendered":"http:\/\/toitureaudet.com\/?page_id=499"},"modified":"2021-06-03T16:43:35","modified_gmt":"2021-06-03T20:43:35","slug":"flat-roofs","status":"publish","type":"page","link":"https:\/\/toitureaudet.com\/en\/services\/flat-roofs\/","title":{"rendered":"Flat roofs"},"content":{"rendered":"<div class=\"wpb-content-wrapper\"><p>[vc_row type=&#8221;in_grid&#8221; el_class=&#8221;top-services-row padding-b-6&#8243;][vc_column width=&#8221;1\/2&#8243; el_class=&#8221;text-column&#8221;][vc_column_text]The company Toiture Audet is a team of specialist roofers serving individuals and businesses in Gatineau, eager to add an aesthetic touch to their construction. Our specialists put at your service their skills for the installation, repair and construction of roofs. The quality and durability of the products offered to our customers are proven by the guarantees on our materials and on our installations.<\/p>\n<p>We travel everywhere, from Rivi\u00e8re-du-Loup to Val-d&#8217;Or, as well as in Ontario. Our services are customized according to your request for the making of your roof, to ensure the satisfaction of our customers. Do not hesitate to call on our team to discover the variety of materials at your disposal.[\/vc_column_text][\/vc_column][vc_column width=&#8221;1\/2&#8243;][vc_single_image image=&#8221;500&#8243; img_size=&#8221;full&#8221; alignment=&#8221;center&#8221;][\/vc_column][\/vc_row][vc_row type=&#8221;in_grid&#8221; el_class=&#8221;overlay-services-row padding-b-6&#8243;][vc_column width=&#8221;1\/2&#8243;][vc_single_image image=&#8221;501&#8243; img_size=&#8221;full&#8221; alignment=&#8221;center&#8221;][\/vc_column][vc_column width=&#8221;1\/2&#8243; el_class=&#8221;overlay-column&#8221;][vc_column_text]<\/p>\n<h2>Flat roofs, an aesthetic and adaptable solution<\/h2>\n<p>Looking for something new? A touch that will bring a modern and contemporary look to your building, flat roofs are the solution to your questions. They have advantages that can be adapted to your home by its design and structure. They can be furnished as a terrace or garden and facilitate the installation of solar panels. Add to these advantages the flexibility you will enjoy for your future constructions.<\/p>\n<p>At Toiture Audet, we are committed to delivering and installing your flat roof made according to the style of your building and your needs. Using our team means offering the best possible services to a team certified by the R\u00e9gie du b\u00e2timent du Qu\u00e9bec.<\/p>\n<p>The flat roofs sold at Toiture Audet ensure:<\/p>\n<ul>\n<li>Superior quality materials.<\/li>\n<li>Underwriting with brands recognized in roofing and framing work.<\/li>\n<li>A touch of elegance for your buildings.<\/li>\n<li>The increase in the value of your home in case of sale.<\/li>\n<li>Availability and expertise of a team of professionals<\/li>\n<\/ul>\n<p>[\/vc_column_text][\/vc_column][\/vc_row][vc_row type=&#8221;in_grid&#8221; el_class=&#8221;dark-services-row dark-row padding-b-6&#8243;][vc_column width=&#8221;1\/2&#8243; el_class=&#8221;overlay-column&#8221;][vc_column_text]<\/p>\n<h2>Flat roofs at Toiture Audet are solid!<\/h2>\n<p>[\/vc_column_text][vc_column_text el_class=&#8221;has-background&#8221;]The enthusiasm around the flat roof keeps climbing, they understood it well the building contractors. It is necessary to choose the right material for your residential or commercial building roofs. It is in the spirit of offering you the best and the quality that our company offers you flat roofs for your roofing work in Gatineau.<\/p>\n<p>Flat roofs are solid, weather-resistant materials. We install flat roofs but also sloping roofs. Our primary goal is your satisfaction, so we offer a variety of models adapted to the style of your building or residence.[\/vc_column_text][\/vc_column][vc_column width=&#8221;1\/2&#8243; el_class=&#8221;image-column&#8221;][vc_single_image image=&#8221;502&#8243; img_size=&#8221;full&#8221; alignment=&#8221;center&#8221;][\/vc_column][\/vc_row][vc_row type=&#8221;in_grid&#8221; el_class=&#8221;call-to-action-services padding-v-6&#8243;][vc_column][vc_column_text]<\/p>\n<h2>Other services<\/h2>\n<p>We adapt our solutions and services to your roofing needs.<br \/>\nView all our other services or contact us to discuss your project.[\/vc_column_text]<a href=\"\" target=\"_self\" class=\"dist-btn open-services-submenu\">View all services<\/a>[\/vc_column][\/vc_row]<\/p>\n<\/div>","protected":false},"excerpt":{"rendered":"<p>[vc_row type=&#8221;in_grid&#8221; el_class=&#8221;top-services-row padding-b-6&#8243;][vc_column width=&#8221;1\/2&#8243; el_class=&#8221;text-column&#8221;][vc_column_text]The company Toiture Audet is a team of specialist roofers serving individuals and businesses in Gatineau, eager to add an aesthetic touch to their construction. Our specialists put at your service their skills for the installation, repair and construction of roofs. The quality and durability of the products offered to [&hellip;]<\/p>\n","protected":false},"author":1,"featured_media":0,"parent":474,"menu_order":0,"comment_status":"closed","ping_status":"closed","template":"","meta":{"_acf_changed":false,"footnotes":""},"class_list":["post-499","page","type-page","status-publish","hentry"],"acf":[],"yoast_head":"<!-- This site is optimized with the Yoast SEO plugin v27.4 - https:\/\/yoast.com\/product\/yoast-seo-wordpress\/ -->\n<title>Flat roofs &#8211; Toiture Audet<\/title>\n<meta name=\"robots\" content=\"index, follow, max-snippet:-1, max-image-preview:large, max-video-preview:-1\" \/>\n<link rel=\"canonical\" href=\"https:\/\/toitureaudet.com\/en\/services\/flat-roofs\/\" \/>\n<meta property=\"og:locale\" content=\"en_US\" \/>\n<meta property=\"og:type\" content=\"article\" \/>\n<meta property=\"og:title\" content=\"Flat roofs &#8211; Toiture Audet\" \/>\n<meta property=\"og:description\" content=\"[vc_row type=&#8221;in_grid&#8221; el_class=&#8221;top-services-row padding-b-6&#8243;][vc_column width=&#8221;1\/2&#8243; el_class=&#8221;text-column&#8221;][vc_column_text]The company Toiture Audet is a team of specialist roofers serving individuals and businesses in Gatineau, eager to add an aesthetic touch to their construction. Our specialists put at your service their skills for the installation, repair and construction of roofs. The quality and durability of the products offered to [&hellip;]\" \/>\n<meta property=\"og:url\" content=\"https:\/\/toitureaudet.com\/en\/services\/flat-roofs\/\" \/>\n<meta property=\"og:site_name\" content=\"Toiture Audet\" \/>\n<meta property=\"article:publisher\" content=\"https:\/\/www.facebook.com\/toitureaudet\" \/>\n<meta property=\"article:modified_time\" content=\"2021-06-03T20:43:35+00:00\" \/>\n<meta property=\"og:image\" content=\"https:\/\/toitureaudet.com\/wp-content\/uploads\/2021\/04\/default-blog.png\" \/>\n\t<meta property=\"og:image:width\" content=\"2560\" \/>\n\t<meta property=\"og:image:height\" content=\"1440\" \/>\n\t<meta property=\"og:image:type\" content=\"image\/png\" \/>\n<meta name=\"twitter:card\" content=\"summary_large_image\" \/>\n<meta name=\"twitter:label1\" content=\"Est. reading time\" \/>\n\t<meta name=\"twitter:data1\" content=\"2 minutes\" \/>\n<script type=\"application\/ld+json\" class=\"yoast-schema-graph\">{\"@context\":\"https:\\\/\\\/schema.org\",\"@graph\":[{\"@type\":\"WebPage\",\"@id\":\"https:\\\/\\\/toitureaudet.com\\\/en\\\/services\\\/flat-roofs\\\/\",\"url\":\"https:\\\/\\\/toitureaudet.com\\\/en\\\/services\\\/flat-roofs\\\/\",\"name\":\"Flat roofs &#8211; Toiture Audet\",\"isPartOf\":{\"@id\":\"https:\\\/\\\/toitureaudet.com\\\/#website\"},\"datePublished\":\"2021-05-28T16:36:19+00:00\",\"dateModified\":\"2021-06-03T20:43:35+00:00\",\"breadcrumb\":{\"@id\":\"https:\\\/\\\/toitureaudet.com\\\/en\\\/services\\\/flat-roofs\\\/#breadcrumb\"},\"inLanguage\":\"en-US\",\"potentialAction\":[{\"@type\":\"ReadAction\",\"target\":[\"https:\\\/\\\/toitureaudet.com\\\/en\\\/services\\\/flat-roofs\\\/\"]}]},{\"@type\":\"BreadcrumbList\",\"@id\":\"https:\\\/\\\/toitureaudet.com\\\/en\\\/services\\\/flat-roofs\\\/#breadcrumb\",\"itemListElement\":[{\"@type\":\"ListItem\",\"position\":1,\"name\":\"Accueil\",\"item\":\"https:\\\/\\\/toitureaudet.com\\\/en\\\/\"},{\"@type\":\"ListItem\",\"position\":2,\"name\":\"Services\",\"item\":\"https:\\\/\\\/toitureaudet.com\\\/en\\\/services\\\/\"},{\"@type\":\"ListItem\",\"position\":3,\"name\":\"Flat roofs\"}]},{\"@type\":\"WebSite\",\"@id\":\"https:\\\/\\\/toitureaudet.com\\\/#website\",\"url\":\"https:\\\/\\\/toitureaudet.com\\\/\",\"name\":\"Toiture Audet\",\"description\":\"Votre couvreur \u00e0 Gatineau\",\"publisher\":{\"@id\":\"https:\\\/\\\/toitureaudet.com\\\/#organization\"},\"potentialAction\":[{\"@type\":\"SearchAction\",\"target\":{\"@type\":\"EntryPoint\",\"urlTemplate\":\"https:\\\/\\\/toitureaudet.com\\\/?s={search_term_string}\"},\"query-input\":{\"@type\":\"PropertyValueSpecification\",\"valueRequired\":true,\"valueName\":\"search_term_string\"}}],\"inLanguage\":\"en-US\"},{\"@type\":\"Organization\",\"@id\":\"https:\\\/\\\/toitureaudet.com\\\/#organization\",\"name\":\"Toiture Audet\",\"url\":\"https:\\\/\\\/toitureaudet.com\\\/\",\"logo\":{\"@type\":\"ImageObject\",\"inLanguage\":\"en-US\",\"@id\":\"https:\\\/\\\/toitureaudet.com\\\/#\\\/schema\\\/logo\\\/image\\\/\",\"url\":\"http:\\\/\\\/toitureaudet.com\\\/wp-content\\\/uploads\\\/2021\\\/04\\\/default-blog.png\",\"contentUrl\":\"http:\\\/\\\/toitureaudet.com\\\/wp-content\\\/uploads\\\/2021\\\/04\\\/default-blog.png\",\"width\":2560,\"height\":1440,\"caption\":\"Toiture Audet\"},\"image\":{\"@id\":\"https:\\\/\\\/toitureaudet.com\\\/#\\\/schema\\\/logo\\\/image\\\/\"},\"sameAs\":[\"https:\\\/\\\/www.facebook.com\\\/toitureaudet\"]}]}<\/script>\n<!-- \/ Yoast SEO plugin. -->","yoast_head_json":{"title":"Flat roofs &#8211; Toiture Audet","robots":{"index":"index","follow":"follow","max-snippet":"max-snippet:-1","max-image-preview":"max-image-preview:large","max-video-preview":"max-video-preview:-1"},"canonical":"https:\/\/toitureaudet.com\/en\/services\/flat-roofs\/","og_locale":"en_US","og_type":"article","og_title":"Flat roofs &#8211; Toiture Audet","og_description":"[vc_row type=&#8221;in_grid&#8221; el_class=&#8221;top-services-row padding-b-6&#8243;][vc_column width=&#8221;1\/2&#8243; el_class=&#8221;text-column&#8221;][vc_column_text]The company Toiture Audet is a team of specialist roofers serving individuals and businesses in Gatineau, eager to add an aesthetic touch to their construction. Our specialists put at your service their skills for the installation, repair and construction of roofs. The quality and durability of the products offered to [&hellip;]","og_url":"https:\/\/toitureaudet.com\/en\/services\/flat-roofs\/","og_site_name":"Toiture Audet","article_publisher":"https:\/\/www.facebook.com\/toitureaudet","article_modified_time":"2021-06-03T20:43:35+00:00","og_image":[{"width":2560,"height":1440,"url":"https:\/\/toitureaudet.com\/wp-content\/uploads\/2021\/04\/default-blog.png","type":"image\/png"}],"twitter_card":"summary_large_image","twitter_misc":{"Est. reading time":"2 minutes"},"schema":{"@context":"https:\/\/schema.org","@graph":[{"@type":"WebPage","@id":"https:\/\/toitureaudet.com\/en\/services\/flat-roofs\/","url":"https:\/\/toitureaudet.com\/en\/services\/flat-roofs\/","name":"Flat roofs &#8211; Toiture Audet","isPartOf":{"@id":"https:\/\/toitureaudet.com\/#website"},"datePublished":"2021-05-28T16:36:19+00:00","dateModified":"2021-06-03T20:43:35+00:00","breadcrumb":{"@id":"https:\/\/toitureaudet.com\/en\/services\/flat-roofs\/#breadcrumb"},"inLanguage":"en-US","potentialAction":[{"@type":"ReadAction","target":["https:\/\/toitureaudet.com\/en\/services\/flat-roofs\/"]}]},{"@type":"BreadcrumbList","@id":"https:\/\/toitureaudet.com\/en\/services\/flat-roofs\/#breadcrumb","itemListElement":[{"@type":"ListItem","position":1,"name":"Accueil","item":"https:\/\/toitureaudet.com\/en\/"},{"@type":"ListItem","position":2,"name":"Services","item":"https:\/\/toitureaudet.com\/en\/services\/"},{"@type":"ListItem","position":3,"name":"Flat roofs"}]},{"@type":"WebSite","@id":"https:\/\/toitureaudet.com\/#website","url":"https:\/\/toitureaudet.com\/","name":"Toiture Audet","description":"Votre couvreur \u00e0 Gatineau","publisher":{"@id":"https:\/\/toitureaudet.com\/#organization"},"potentialAction":[{"@type":"SearchAction","target":{"@type":"EntryPoint","urlTemplate":"https:\/\/toitureaudet.com\/?s={search_term_string}"},"query-input":{"@type":"PropertyValueSpecification","valueRequired":true,"valueName":"search_term_string"}}],"inLanguage":"en-US"},{"@type":"Organization","@id":"https:\/\/toitureaudet.com\/#organization","name":"Toiture Audet","url":"https:\/\/toitureaudet.com\/","logo":{"@type":"ImageObject","inLanguage":"en-US","@id":"https:\/\/toitureaudet.com\/#\/schema\/logo\/image\/","url":"http:\/\/toitureaudet.com\/wp-content\/uploads\/2021\/04\/default-blog.png","contentUrl":"http:\/\/toitureaudet.com\/wp-content\/uploads\/2021\/04\/default-blog.png","width":2560,"height":1440,"caption":"Toiture Audet"},"image":{"@id":"https:\/\/toitureaudet.com\/#\/schema\/logo\/image\/"},"sameAs":["https:\/\/www.facebook.com\/toitureaudet"]}]}},"_links":{"self":[{"href":"https:\/\/toitureaudet.com\/en\/wp-json\/wp\/v2\/pages\/499","targetHints":{"allow":["GET"]}}],"collection":[{"href":"https:\/\/toitureaudet.com\/en\/wp-json\/wp\/v2\/pages"}],"about":[{"href":"https:\/\/toitureaudet.com\/en\/wp-json\/wp\/v2\/types\/page"}],"author":[{"embeddable":true,"href":"https:\/\/toitureaudet.com\/en\/wp-json\/wp\/v2\/users\/1"}],"replies":[{"embeddable":true,"href":"https:\/\/toitureaudet.com\/en\/wp-json\/wp\/v2\/comments?post=499"}],"version-history":[{"count":5,"href":"https:\/\/toitureaudet.com\/en\/wp-json\/wp\/v2\/pages\/499\/revisions"}],"predecessor-version":[{"id":821,"href":"https:\/\/toitureaudet.com\/en\/wp-json\/wp\/v2\/pages\/499\/revisions\/821"}],"up":[{"embeddable":true,"href":"https:\/\/toitureaudet.com\/en\/wp-json\/wp\/v2\/pages\/474"}],"wp:attachment":[{"href":"https:\/\/toitureaudet.com\/en\/wp-json\/wp\/v2\/media?parent=499"}],"curies":[{"name":"wp","href":"https:\/\/api.w.org\/{rel}","templated":true}]}}